{"id":265,"date":"2023-04-25T17:39:41","date_gmt":"2023-04-25T20:39:41","guid":{"rendered":"https:\/\/vouchermusical.com.br\/?page_id=265"},"modified":"2024-07-18T17:37:10","modified_gmt":"2024-07-18T20:37:10","slug":"ricardo-kobarg","status":"publish","type":"page","link":"https:\/\/vouchermusical.com.br\/index.php\/ricardo-kobarg\/","title":{"rendered":"Ricardo Kobarg"},"content":{"rendered":"\n<div class=\"wp-block-media-text is-stacked-on-mobile has-medium-font-size\" style=\"grid-template-columns:40% auto\"><figure class=\"wp-block-media-text__media\"><img loading=\"lazy\" decoding=\"async\" width=\"576\" height=\"1024\" src=\"https:\/\/vouchermusical.com.br\/wp-content\/uploads\/2024\/07\/DSCF6848-576x1024.jpg\" alt=\"\" class=\"wp-image-711 size-full\" srcset=\"https:\/\/vouchermusical.com.br\/wp-content\/uploads\/2024\/07\/DSCF6848-576x1024.jpg 576w, https:\/\/vouchermusical.com.br\/wp-content\/uploads\/2024\/07\/DSCF6848-169x300.jpg 169w, https:\/\/vouchermusical.com.br\/wp-content\/uploads\/2024\/07\/DSCF6848-768x1365.jpg 768w, https:\/\/vouchermusical.com.br\/wp-content\/uploads\/2024\/07\/DSCF6848-864x1536.jpg 864w, https:\/\/vouchermusical.com.br\/wp-content\/uploads\/2024\/07\/DSCF6848-1153x2048.jpg 1153w, https:\/\/vouchermusical.com.br\/wp-content\/uploads\/2024\/07\/DSCF6848-scaled.jpg 1441w\" sizes=\"auto, (max-width: 576px) 100vw, 576px\" \/><\/figure><div class=\"wp-block-media-text__content\">\n<div class=\"wp-block-columns is-layout-flex wp-container-core-columns-is-layout-9d6595d7 wp-block-columns-is-layout-flex\">\n<div class=\"wp-block-column is-layout-flow wp-block-column-is-layout-flow\" style=\"flex-basis:100%\">\n<p class=\"has-text-align-left\" style=\"font-size:16px\">Ricardo \u00e9 s\u00f3cio-fundador da produtora, atuando tamb\u00e9m como dublador, cantor e t\u00e9cnico de mixagem e masteriza\u00e7\u00e3o. <\/p>\n\n\n\n<p style=\"font-size:16px\"><\/p>\n\n\n\n<p class=\"has-text-align-left\" style=\"font-size:16px\">\u00c9 formado em Administra\u00e7\u00e3o de empresas, p\u00f3s graduado em Marketing, al\u00e9m de possuir diversos cursos t\u00e9cnicos em \u00e1udio, mixagem, masteriza\u00e7\u00e3o, teatro e dublagem.<\/p>\n<\/div>\n<\/div>\n<\/div><\/div>\n\n\n\n<p>Abaixo voc\u00ea consegue escutar algumas amostras de sua voz:<\/p>\n\n\n\n<h2 class=\"wp-block-heading\"><strong>DEMO REEL<\/strong><\/h2>\n\n\n\n<figure class=\"wp-block-embed is-type-video is-provider-youtube wp-block-embed-youtube wp-embed-aspect-16-9 wp-has-aspect-ratio\"><div class=\"wp-block-embed__wrapper\">\n<iframe loading=\"lazy\" title=\"Demo Reel - Ricardo Kobarg\" width=\"525\" height=\"295\" src=\"https:\/\/www.youtube.com\/embed\/LcetU8cyYLk?feature=oembed\" frameborder=\"0\" allow=\"accelerometer; autoplay; clipboard-write; encrypted-media; gyroscope; picture-in-picture; web-share\" referrerpolicy=\"strict-origin-when-cross-origin\" allowfullscreen><\/iframe>\n<\/div><\/figure>\n\n\n\n<figure class=\"wp-block-embed is-type-rich is-provider-soundcloud wp-block-embed-soundcloud wp-embed-aspect-4-3 wp-has-aspect-ratio\"><div class=\"wp-block-embed__wrapper\">\n<iframe loading=\"lazy\" title=\"Voucher Musical\" width=\"525\" height=\"450\" scrolling=\"no\" frameborder=\"no\" src=\"https:\/\/w.soundcloud.com\/player\/?visual=true&#038;url=https%3A%2F%2Fapi.soundcloud.com%2Fusers%2F1143832987&#038;show_artwork=true&#038;maxheight=788&#038;maxwidth=525\"><\/iframe>\n<\/div><\/figure>\n","protected":false},"excerpt":{"rendered":"<p>Abaixo voc\u00ea consegue escutar algumas amostras de sua voz: DEMO REEL<\/p>\n","protected":false},"author":1,"featured_media":0,"parent":0,"menu_order":0,"comment_status":"closed","ping_status":"closed","template":"","meta":{"footnotes":""},"class_list":["post-265","page","type-page","status-publish","hentry"],"_links":{"self":[{"href":"https:\/\/vouchermusical.com.br\/index.php\/wp-json\/wp\/v2\/pages\/265","targetHints":{"allow":["GET"]}}],"collection":[{"href":"https:\/\/vouchermusical.com.br\/index.php\/wp-json\/wp\/v2\/pages"}],"about":[{"href":"https:\/\/vouchermusical.com.br\/index.php\/wp-json\/wp\/v2\/types\/page"}],"author":[{"embeddable":true,"href":"https:\/\/vouchermusical.com.br\/index.php\/wp-json\/wp\/v2\/users\/1"}],"replies":[{"embeddable":true,"href":"https:\/\/vouchermusical.com.br\/index.php\/wp-json\/wp\/v2\/comments?post=265"}],"version-history":[{"count":7,"href":"https:\/\/vouchermusical.com.br\/index.php\/wp-json\/wp\/v2\/pages\/265\/revisions"}],"predecessor-version":[{"id":715,"href":"https:\/\/vouchermusical.com.br\/index.php\/wp-json\/wp\/v2\/pages\/265\/revisions\/715"}],"wp:attachment":[{"href":"https:\/\/vouchermusical.com.br\/index.php\/wp-json\/wp\/v2\/media?parent=265"}],"curies":[{"name":"wp","href":"https:\/\/api.w.org\/{rel}","templated":true}]}}