{"id":37,"date":"2023-04-24T17:36:48","date_gmt":"2023-04-24T20:36:48","guid":{"rendered":"https:\/\/vouchermusical.com.br\/?page_id=37"},"modified":"2026-03-19T11:55:08","modified_gmt":"2026-03-19T14:55:08","slug":"sobre","status":"publish","type":"page","link":"https:\/\/vouchermusical.com.br\/","title":{"rendered":"A empresa"},"content":{"rendered":"<p>A Voucher Musical \u00e9 uma produtora e est\u00fadio de \u00e1udio e grava\u00e7\u00e3o em Florian\u00f3polis \/ Brasil.<\/p>\n<p>Ajudamos voc\u00ea com solu\u00e7\u00f5es de:<\/p>\n\n\n<p>&#8211; Produ\u00e7\u00e3o musical, grava\u00e7\u00e3o, edi\u00e7\u00e3o, mixagem e masteriza\u00e7\u00e3o;<\/p>\n\n\n\n<p>&#8211; Produ\u00e7\u00e3o de material publicit\u00e1rio como vinhetas e jingles;<\/p>\n\n\n\n<p>&#8211; Aluguel de sonoriza\u00e7\u00e3o para eventos, aluguel de equipamentos de som;<\/p>\n\n\n\n<p>&#8211; Consultoria e assessoria em \u00e1udio;<\/p>\n\n\n\n<p>&#8211; Dublagem, locu\u00e7\u00e3o e localiza\u00e7\u00e3o;<\/p>\n\n\n\n<p>&#8211; Sound design, sound effects, SFX e foleys.<\/p>\n\n\n\n<p>Com a ampla experi\u00eancia de seus colaboradores que est\u00e3o h\u00e1 anos no mercado e no cen\u00e1rio audiovisual.<\/p>\n\n\n\n<div style=\"height:100px\" aria-hidden=\"true\" class=\"wp-block-spacer\"><\/div>\n\n\n\n<h2 class=\"wp-block-heading has-text-align-center\"><strong>Clientes<\/strong><\/h2>\n\n\n\n<div class=\"wp-block-group\"><div class=\"wp-block-group__inner-container is-layout-constrained wp-block-group-is-layout-constrained\">\n<figure class=\"wp-block-gallery has-nested-images columns-default is-cropped wp-block-gallery-1 is-layout-flex wp-block-gallery-is-layout-flex\">\n<figure class=\"wp-block-image size-large\"><img loading=\"lazy\" decoding=\"async\" width=\"200\" height=\"200\" data-id=\"825\" src=\"https:\/\/vouchermusical.com.br\/wp-content\/uploads\/2026\/03\/logo_transparente_200x200-1.png\" alt=\"\" class=\"wp-image-825\" srcset=\"https:\/\/vouchermusical.com.br\/wp-content\/uploads\/2026\/03\/logo_transparente_200x200-1.png 200w, https:\/\/vouchermusical.com.br\/wp-content\/uploads\/2026\/03\/logo_transparente_200x200-1-150x150.png 150w, https:\/\/vouchermusical.com.br\/wp-content\/uploads\/2026\/03\/logo_transparente_200x200-1-100x100.png 100w\" sizes=\"auto, (max-width: 200px) 100vw, 200px\" \/><\/figure>\n\n\n\n<figure class=\"wp-block-image size-large\"><img loading=\"lazy\" decoding=\"async\" width=\"200\" height=\"200\" data-id=\"822\" src=\"https:\/\/vouchermusical.com.br\/wp-content\/uploads\/2026\/03\/Chatrone.png\" alt=\"\" class=\"wp-image-822\" srcset=\"https:\/\/vouchermusical.com.br\/wp-content\/uploads\/2026\/03\/Chatrone.png 200w, https:\/\/vouchermusical.com.br\/wp-content\/uploads\/2026\/03\/Chatrone-150x150.png 150w, https:\/\/vouchermusical.com.br\/wp-content\/uploads\/2026\/03\/Chatrone-100x100.png 100w\" sizes=\"auto, (max-width: 200px) 100vw, 200px\" \/><\/figure>\n\n\n\n<figure class=\"wp-block-image size-large\"><img loading=\"lazy\" decoding=\"async\" width=\"200\" height=\"200\" data-id=\"823\" src=\"https:\/\/vouchermusical.com.br\/wp-content\/uploads\/2026\/03\/lazy_shrimp-1.png\" alt=\"\" class=\"wp-image-823\" srcset=\"https:\/\/vouchermusical.com.br\/wp-content\/uploads\/2026\/03\/lazy_shrimp-1.png 200w, https:\/\/vouchermusical.com.br\/wp-content\/uploads\/2026\/03\/lazy_shrimp-1-150x150.png 150w, https:\/\/vouchermusical.com.br\/wp-content\/uploads\/2026\/03\/lazy_shrimp-1-100x100.png 100w\" sizes=\"auto, (max-width: 200px) 100vw, 200px\" \/><\/figure>\n\n\n\n<figure class=\"wp-block-image size-large\"><img loading=\"lazy\" decoding=\"async\" width=\"200\" height=\"200\" data-id=\"824\" src=\"https:\/\/vouchermusical.com.br\/wp-content\/uploads\/2026\/03\/Meditopia.png\" alt=\"\" class=\"wp-image-824\" srcset=\"https:\/\/vouchermusical.com.br\/wp-content\/uploads\/2026\/03\/Meditopia.png 200w, https:\/\/vouchermusical.com.br\/wp-content\/uploads\/2026\/03\/Meditopia-150x150.png 150w, https:\/\/vouchermusical.com.br\/wp-content\/uploads\/2026\/03\/Meditopia-100x100.png 100w\" sizes=\"auto, (max-width: 200px) 100vw, 200px\" \/><\/figure>\n\n\n\n<figure class=\"wp-block-image size-large\"><img loading=\"lazy\" decoding=\"async\" width=\"1024\" height=\"1024\" data-id=\"832\" src=\"https:\/\/vouchermusical.com.br\/wp-content\/uploads\/2026\/03\/Microsoft-1024x1024.png\" alt=\"\" class=\"wp-image-832\" srcset=\"https:\/\/vouchermusical.com.br\/wp-content\/uploads\/2026\/03\/Microsoft-1024x1024.png 1024w, https:\/\/vouchermusical.com.br\/wp-content\/uploads\/2026\/03\/Microsoft-300x300.png 300w, https:\/\/vouchermusical.com.br\/wp-content\/uploads\/2026\/03\/Microsoft-150x150.png 150w, https:\/\/vouchermusical.com.br\/wp-content\/uploads\/2026\/03\/Microsoft-768x768.png 768w, https:\/\/vouchermusical.com.br\/wp-content\/uploads\/2026\/03\/Microsoft-1536x1536.png 1536w, https:\/\/vouchermusical.com.br\/wp-content\/uploads\/2026\/03\/Microsoft-2048x2048.png 2048w, https:\/\/vouchermusical.com.br\/wp-content\/uploads\/2026\/03\/Microsoft-100x100.png 100w\" sizes=\"auto, (max-width: 706px) 89vw, (max-width: 767px) 82vw, 740px\" \/><\/figure>\n\n\n\n<figure class=\"wp-block-image size-large\"><img loading=\"lazy\" decoding=\"async\" width=\"200\" height=\"200\" data-id=\"826\" src=\"https:\/\/vouchermusical.com.br\/wp-content\/uploads\/2026\/03\/Mojang.png\" alt=\"\" class=\"wp-image-826\" srcset=\"https:\/\/vouchermusical.com.br\/wp-content\/uploads\/2026\/03\/Mojang.png 200w, https:\/\/vouchermusical.com.br\/wp-content\/uploads\/2026\/03\/Mojang-150x150.png 150w, https:\/\/vouchermusical.com.br\/wp-content\/uploads\/2026\/03\/Mojang-100x100.png 100w\" sizes=\"auto, (max-width: 200px) 100vw, 200px\" \/><\/figure>\n\n\n\n<figure class=\"wp-block-image size-large\"><img loading=\"lazy\" decoding=\"async\" width=\"200\" height=\"200\" data-id=\"831\" src=\"https:\/\/vouchermusical.com.br\/wp-content\/uploads\/2026\/03\/Moonbug.png\" alt=\"\" class=\"wp-image-831\" srcset=\"https:\/\/vouchermusical.com.br\/wp-content\/uploads\/2026\/03\/Moonbug.png 200w, https:\/\/vouchermusical.com.br\/wp-content\/uploads\/2026\/03\/Moonbug-150x150.png 150w, https:\/\/vouchermusical.com.br\/wp-content\/uploads\/2026\/03\/Moonbug-100x100.png 100w\" sizes=\"auto, (max-width: 200px) 100vw, 200px\" \/><\/figure>\n\n\n\n<figure class=\"wp-block-image size-large\"><img loading=\"lazy\" decoding=\"async\" width=\"200\" height=\"200\" data-id=\"829\" src=\"https:\/\/vouchermusical.com.br\/wp-content\/uploads\/2026\/03\/Nestle.png\" alt=\"\" class=\"wp-image-829\" srcset=\"https:\/\/vouchermusical.com.br\/wp-content\/uploads\/2026\/03\/Nestle.png 200w, https:\/\/vouchermusical.com.br\/wp-content\/uploads\/2026\/03\/Nestle-150x150.png 150w, https:\/\/vouchermusical.com.br\/wp-content\/uploads\/2026\/03\/Nestle-100x100.png 100w\" sizes=\"auto, (max-width: 200px) 100vw, 200px\" \/><\/figure>\n\n\n\n<figure class=\"wp-block-image size-large\"><img loading=\"lazy\" decoding=\"async\" width=\"1024\" height=\"1024\" data-id=\"835\" src=\"https:\/\/vouchermusical.com.br\/wp-content\/uploads\/2026\/03\/Phone-Repair-Guru.png\" alt=\"\" class=\"wp-image-835\" srcset=\"https:\/\/vouchermusical.com.br\/wp-content\/uploads\/2026\/03\/Phone-Repair-Guru.png 1024w, https:\/\/vouchermusical.com.br\/wp-content\/uploads\/2026\/03\/Phone-Repair-Guru-300x300.png 300w, https:\/\/vouchermusical.com.br\/wp-content\/uploads\/2026\/03\/Phone-Repair-Guru-150x150.png 150w, https:\/\/vouchermusical.com.br\/wp-content\/uploads\/2026\/03\/Phone-Repair-Guru-768x768.png 768w, https:\/\/vouchermusical.com.br\/wp-content\/uploads\/2026\/03\/Phone-Repair-Guru-100x100.png 100w\" sizes=\"auto, (max-width: 706px) 89vw, (max-width: 767px) 82vw, 740px\" \/><\/figure>\n\n\n\n<figure class=\"wp-block-image size-large\"><img loading=\"lazy\" decoding=\"async\" width=\"200\" height=\"200\" data-id=\"827\" src=\"https:\/\/vouchermusical.com.br\/wp-content\/uploads\/2026\/03\/Plarium.png\" alt=\"\" class=\"wp-image-827\" srcset=\"https:\/\/vouchermusical.com.br\/wp-content\/uploads\/2026\/03\/Plarium.png 200w, https:\/\/vouchermusical.com.br\/wp-content\/uploads\/2026\/03\/Plarium-150x150.png 150w, https:\/\/vouchermusical.com.br\/wp-content\/uploads\/2026\/03\/Plarium-100x100.png 100w\" sizes=\"auto, (max-width: 200px) 100vw, 200px\" \/><\/figure>\n\n\n\n<figure class=\"wp-block-image size-large\"><img loading=\"lazy\" decoding=\"async\" width=\"1024\" height=\"1024\" data-id=\"834\" src=\"https:\/\/vouchermusical.com.br\/wp-content\/uploads\/2026\/03\/Salesforce.png\" alt=\"\" class=\"wp-image-834\" srcset=\"https:\/\/vouchermusical.com.br\/wp-content\/uploads\/2026\/03\/Salesforce.png 1024w, https:\/\/vouchermusical.com.br\/wp-content\/uploads\/2026\/03\/Salesforce-300x300.png 300w, https:\/\/vouchermusical.com.br\/wp-content\/uploads\/2026\/03\/Salesforce-150x150.png 150w, https:\/\/vouchermusical.com.br\/wp-content\/uploads\/2026\/03\/Salesforce-768x768.png 768w, https:\/\/vouchermusical.com.br\/wp-content\/uploads\/2026\/03\/Salesforce-100x100.png 100w\" sizes=\"auto, (max-width: 706px) 89vw, (max-width: 767px) 82vw, 740px\" \/><\/figure>\n\n\n\n<figure class=\"wp-block-image size-large\"><img loading=\"lazy\" decoding=\"async\" width=\"200\" height=\"200\" data-id=\"828\" src=\"https:\/\/vouchermusical.com.br\/wp-content\/uploads\/2026\/03\/The-Kitchen.png\" alt=\"\" class=\"wp-image-828\" srcset=\"https:\/\/vouchermusical.com.br\/wp-content\/uploads\/2026\/03\/The-Kitchen.png 200w, https:\/\/vouchermusical.com.br\/wp-content\/uploads\/2026\/03\/The-Kitchen-150x150.png 150w, https:\/\/vouchermusical.com.br\/wp-content\/uploads\/2026\/03\/The-Kitchen-100x100.png 100w\" sizes=\"auto, (max-width: 200px) 100vw, 200px\" \/><\/figure>\n\n\n\n<figure class=\"wp-block-image size-large\"><img loading=\"lazy\" decoding=\"async\" width=\"1024\" height=\"1024\" data-id=\"833\" src=\"https:\/\/vouchermusical.com.br\/wp-content\/uploads\/2026\/03\/universal_cinergia.png\" alt=\"\" class=\"wp-image-833\" srcset=\"https:\/\/vouchermusical.com.br\/wp-content\/uploads\/2026\/03\/universal_cinergia.png 1024w, https:\/\/vouchermusical.com.br\/wp-content\/uploads\/2026\/03\/universal_cinergia-300x300.png 300w, https:\/\/vouchermusical.com.br\/wp-content\/uploads\/2026\/03\/universal_cinergia-150x150.png 150w, https:\/\/vouchermusical.com.br\/wp-content\/uploads\/2026\/03\/universal_cinergia-768x768.png 768w, https:\/\/vouchermusical.com.br\/wp-content\/uploads\/2026\/03\/universal_cinergia-100x100.png 100w\" sizes=\"auto, (max-width: 706px) 89vw, (max-width: 767px) 82vw, 740px\" \/><\/figure>\n\n\n\n<figure class=\"wp-block-image size-large\"><img loading=\"lazy\" decoding=\"async\" width=\"200\" height=\"200\" data-id=\"821\" src=\"https:\/\/vouchermusical.com.br\/wp-content\/uploads\/2026\/03\/Capitol.png\" alt=\"\" class=\"wp-image-821\" srcset=\"https:\/\/vouchermusical.com.br\/wp-content\/uploads\/2026\/03\/Capitol.png 200w, https:\/\/vouchermusical.com.br\/wp-content\/uploads\/2026\/03\/Capitol-150x150.png 150w, https:\/\/vouchermusical.com.br\/wp-content\/uploads\/2026\/03\/Capitol-100x100.png 100w\" sizes=\"auto, (max-width: 200px) 100vw, 200px\" \/><\/figure>\n\n\n\n<figure class=\"wp-block-image size-large\"><img loading=\"lazy\" decoding=\"async\" width=\"200\" height=\"200\" data-id=\"830\" src=\"https:\/\/vouchermusical.com.br\/wp-content\/uploads\/2026\/03\/Voquent2.png\" alt=\"\" class=\"wp-image-830\" srcset=\"https:\/\/vouchermusical.com.br\/wp-content\/uploads\/2026\/03\/Voquent2.png 200w, https:\/\/vouchermusical.com.br\/wp-content\/uploads\/2026\/03\/Voquent2-150x150.png 150w, https:\/\/vouchermusical.com.br\/wp-content\/uploads\/2026\/03\/Voquent2-100x100.png 100w\" sizes=\"auto, (max-width: 200px) 100vw, 200px\" \/><\/figure>\n<\/figure>\n<\/div><\/div>\n\n\n\n<hr class=\"wp-block-separator has-alpha-channel-opacity is-style-wide\"\/>\n\n\n\n<div style=\"height:100px\" aria-hidden=\"true\" class=\"wp-block-spacer\"><\/div>\n\n\n\n<p class=\"has-text-align-center\">Trabalhamos com os melhores equipamentos e marcas do mercado:<\/p>\n\n\n\n<figure class=\"wp-block-gallery aligncenter has-nested-images columns-8 is-cropped wp-block-gallery-2 is-layout-flex wp-block-gallery-is-layout-flex\">\n<figure class=\"wp-block-image size-full is-style-rounded\"><img loading=\"lazy\" decoding=\"async\" width=\"200\" height=\"150\" data-id=\"228\" src=\"https:\/\/vouchermusical.com.br\/wp-content\/uploads\/2023\/04\/ua-200x150-200x150-1.png\" alt=\"\" class=\"wp-image-228\"\/><\/figure>\n\n\n\n<figure class=\"wp-block-image size-full is-style-rounded\"><img loading=\"lazy\" decoding=\"async\" width=\"200\" height=\"150\" data-id=\"227\" src=\"https:\/\/vouchermusical.com.br\/wp-content\/uploads\/2023\/04\/shure-200x150-200x150-1.png\" alt=\"\" class=\"wp-image-227\"\/><\/figure>\n\n\n\n<figure class=\"wp-block-image size-full is-style-rounded\"><img loading=\"lazy\" decoding=\"async\" width=\"240\" height=\"180\" data-id=\"226\" src=\"https:\/\/vouchermusical.com.br\/wp-content\/uploads\/2023\/04\/neumann-240x180-1.png\" alt=\"\" class=\"wp-image-226\"\/><\/figure>\n\n\n\n<figure class=\"wp-block-image size-full is-style-rounded\"><img loading=\"lazy\" decoding=\"async\" width=\"200\" height=\"150\" data-id=\"224\" src=\"https:\/\/vouchermusical.com.br\/wp-content\/uploads\/2023\/04\/amek-200x150-200x150-1.png\" alt=\"\" class=\"wp-image-224\"\/><\/figure>\n\n\n\n<figure class=\"wp-block-image size-full is-style-rounded\"><img loading=\"lazy\" decoding=\"async\" width=\"199\" height=\"150\" data-id=\"225\" src=\"https:\/\/vouchermusical.com.br\/wp-content\/uploads\/2023\/04\/akg-1-200x150-1.png\" alt=\"\" class=\"wp-image-225\"\/><\/figure>\n\n\n\n<figure class=\"wp-block-image size-full is-style-rounded\"><img loading=\"lazy\" decoding=\"async\" width=\"200\" height=\"150\" data-id=\"223\" src=\"https:\/\/vouchermusical.com.br\/wp-content\/uploads\/2023\/04\/audiotechnica-200x150-200x150-1.png\" alt=\"\" class=\"wp-image-223\"\/><\/figure>\n\n\n\n<figure class=\"wp-block-image size-full is-style-rounded\"><img loading=\"lazy\" decoding=\"async\" width=\"240\" height=\"180\" data-id=\"222\" src=\"https:\/\/vouchermusical.com.br\/wp-content\/uploads\/2023\/04\/beyer-dynamic-240x180-1.png\" alt=\"\" class=\"wp-image-222\"\/><\/figure>\n\n\n\n<figure class=\"wp-block-image size-full is-style-rounded\"><img loading=\"lazy\" decoding=\"async\" width=\"200\" height=\"150\" data-id=\"229\" src=\"https:\/\/vouchermusical.com.br\/wp-content\/uploads\/2023\/04\/yamaha-200x150-200x150-1.png\" alt=\"\" class=\"wp-image-229\"\/><\/figure>\n<\/figure>\n","protected":false},"excerpt":{"rendered":"<p>A Voucher Musical \u00e9 uma produtora e est\u00fadio de \u00e1udio e grava\u00e7\u00e3o em Florian\u00f3polis \/ Brasil. Ajudamos voc\u00ea com solu\u00e7\u00f5es de: &#8211; Produ\u00e7\u00e3o musical, grava\u00e7\u00e3o, edi\u00e7\u00e3o, mixagem e masteriza\u00e7\u00e3o; &#8211; Produ\u00e7\u00e3o de material publicit\u00e1rio como vinhetas e jingles; &#8211; Aluguel de sonoriza\u00e7\u00e3o para eventos, aluguel de equipamentos de som; &#8211; Consultoria e assessoria em \u00e1udio; &hellip; <\/p>\n<p class=\"link-more\"><a href=\"https:\/\/vouchermusical.com.br\/\" class=\"more-link\">Continue lendo<span class=\"screen-reader-text\"> &#8220;A empresa&#8221;<\/span><\/a><\/p>\n","protected":false},"author":1,"featured_media":0,"parent":0,"menu_order":0,"comment_status":"closed","ping_status":"closed","template":"","meta":{"footnotes":""},"class_list":["post-37","page","type-page","status-publish","hentry"],"_links":{"self":[{"href":"https:\/\/vouchermusical.com.br\/index.php\/wp-json\/wp\/v2\/pages\/37","targetHints":{"allow":["GET"]}}],"collection":[{"href":"https:\/\/vouchermusical.com.br\/index.php\/wp-json\/wp\/v2\/pages"}],"about":[{"href":"https:\/\/vouchermusical.com.br\/index.php\/wp-json\/wp\/v2\/types\/page"}],"author":[{"embeddable":true,"href":"https:\/\/vouchermusical.com.br\/index.php\/wp-json\/wp\/v2\/users\/1"}],"replies":[{"embeddable":true,"href":"https:\/\/vouchermusical.com.br\/index.php\/wp-json\/wp\/v2\/comments?post=37"}],"version-history":[{"count":55,"href":"https:\/\/vouchermusical.com.br\/index.php\/wp-json\/wp\/v2\/pages\/37\/revisions"}],"predecessor-version":[{"id":838,"href":"https:\/\/vouchermusical.com.br\/index.php\/wp-json\/wp\/v2\/pages\/37\/revisions\/838"}],"wp:attachment":[{"href":"https:\/\/vouchermusical.com.br\/index.php\/wp-json\/wp\/v2\/media?parent=37"}],"curies":[{"name":"wp","href":"https:\/\/api.w.org\/{rel}","templated":true}]}}