{"id":767,"date":"2024-10-03T17:37:04","date_gmt":"2024-10-03T20:37:04","guid":{"rendered":"https:\/\/vouchermusical.com.br\/?page_id=767"},"modified":"2026-03-19T11:57:41","modified_gmt":"2026-03-19T14:57:41","slug":"sonorizacao-para-eventos","status":"publish","type":"page","link":"https:\/\/vouchermusical.com.br\/index.php\/sonorizacao-para-eventos\/","title":{"rendered":"Aluguel de som"},"content":{"rendered":"\n<p>Oferecemos o servi\u00e7o de loca\u00e7\u00e3o de equipamentos para eventos em Florian\u00f3polis e regi\u00e3o. <\/p>\n\n\n\n<p>Aluguel de caixas de som e microfones para eventos corporativos ou art\u00edsticos.<\/p>\n\n\n\n<p><\/p>\n\n\n\n<p><\/p>\n\n\n\n<figure class=\"wp-block-image size-large\"><img loading=\"lazy\" decoding=\"async\" width=\"1024\" height=\"640\" src=\"https:\/\/vouchermusical.com.br\/wp-content\/uploads\/2024\/10\/Sonorizacao-1024x640.png\" alt=\"\" class=\"wp-image-768\" srcset=\"https:\/\/vouchermusical.com.br\/wp-content\/uploads\/2024\/10\/Sonorizacao-1024x640.png 1024w, https:\/\/vouchermusical.com.br\/wp-content\/uploads\/2024\/10\/Sonorizacao-300x188.png 300w, https:\/\/vouchermusical.com.br\/wp-content\/uploads\/2024\/10\/Sonorizacao-768x480.png 768w, https:\/\/vouchermusical.com.br\/wp-content\/uploads\/2024\/10\/Sonorizacao-1536x960.png 1536w, https:\/\/vouchermusical.com.br\/wp-content\/uploads\/2024\/10\/Sonorizacao.png 1600w\" sizes=\"auto, (max-width: 706px) 89vw, (max-width: 767px) 82vw, 740px\" \/><\/figure>\n\n\n\n<p class=\"has-text-align-center\">Fa\u00e7a um or\u00e7amento de acordo com o que voc\u00ea precisa.<\/p>\n\n\n\n<p><\/p>\n","protected":false},"excerpt":{"rendered":"<p>Oferecemos o servi\u00e7o de loca\u00e7\u00e3o de equipamentos para eventos em Florian\u00f3polis e regi\u00e3o. Aluguel de caixas de som e microfones para eventos corporativos ou art\u00edsticos. Fa\u00e7a um or\u00e7amento de acordo com o que voc\u00ea precisa.<\/p>\n","protected":false},"author":1,"featured_media":0,"parent":0,"menu_order":0,"comment_status":"closed","ping_status":"closed","template":"","meta":{"footnotes":""},"class_list":["post-767","page","type-page","status-publish","hentry"],"_links":{"self":[{"href":"https:\/\/vouchermusical.com.br\/index.php\/wp-json\/wp\/v2\/pages\/767","targetHints":{"allow":["GET"]}}],"collection":[{"href":"https:\/\/vouchermusical.com.br\/index.php\/wp-json\/wp\/v2\/pages"}],"about":[{"href":"https:\/\/vouchermusical.com.br\/index.php\/wp-json\/wp\/v2\/types\/page"}],"author":[{"embeddable":true,"href":"https:\/\/vouchermusical.com.br\/index.php\/wp-json\/wp\/v2\/users\/1"}],"replies":[{"embeddable":true,"href":"https:\/\/vouchermusical.com.br\/index.php\/wp-json\/wp\/v2\/comments?post=767"}],"version-history":[{"count":5,"href":"https:\/\/vouchermusical.com.br\/index.php\/wp-json\/wp\/v2\/pages\/767\/revisions"}],"predecessor-version":[{"id":840,"href":"https:\/\/vouchermusical.com.br\/index.php\/wp-json\/wp\/v2\/pages\/767\/revisions\/840"}],"wp:attachment":[{"href":"https:\/\/vouchermusical.com.br\/index.php\/wp-json\/wp\/v2\/media?parent=767"}],"curies":[{"name":"wp","href":"https:\/\/api.w.org\/{rel}","templated":true}]}}